{"id":5438,"date":"2022-03-14T11:02:06","date_gmt":"2022-03-14T10:02:06","guid":{"rendered":"https:\/\/ecurie-francorchamps.be\/produit\/polaire-ecurie-francorchamps-double-gauchenavy\/"},"modified":"2022-03-31T12:19:58","modified_gmt":"2022-03-31T11:19:58","slug":"polaire-ecurie-francorchamps-double-gauche","status":"publish","type":"product","link":"https:\/\/ecurie-francorchamps.be\/?product=polaire-ecurie-francorchamps-double-gauche&lang=en","title":{"rendered":"Fleece Ecurie Francorchamps DOUBLE LEFT(Navy)"},"content":{"rendered":"","protected":false},"excerpt":{"rendered":"","protected":false},"featured_media":6639,"comment_status":"closed","ping_status":"closed","template":"","meta":[],"product_cat":[84],"product_tag":[],"jetpack_sharing_enabled":true,"jetpack-related-posts":[{"id":5454,"url":"https:\/\/ecurie-francorchamps.be\/?product=veste-la-source-navy&lang=en","url_meta":{"origin":5438,"position":0},"title":"Jacket LA SOURCE(Navy)","author":"damien","date":"lundi, 14 mars 2022","format":false,"excerpt":"Quilted jacket 100% waterproof Fleece lined interior Velvet elbow pad and inside collar 4 outside pockets 2 inside pockets - Color: Navy - Gender: Male - Patttern: Ecurie Francorchamps - Size: S->4XL","rel":"","context":"Article similaire","block_context":{"text":"Article similaire","link":""},"img":{"alt_text":"","src":"https:\/\/i0.wp.com\/ecurie-francorchamps.be\/wp-content\/uploads\/2022\/03\/f2-1.jpg?fit=960%2C960&ssl=1&resize=350%2C200","width":350,"height":200,"srcset":"https:\/\/i0.wp.com\/ecurie-francorchamps.be\/wp-content\/uploads\/2022\/03\/f2-1.jpg?fit=960%2C960&ssl=1&resize=350%2C200 1x, https:\/\/i0.wp.com\/ecurie-francorchamps.be\/wp-content\/uploads\/2022\/03\/f2-1.jpg?fit=960%2C960&ssl=1&resize=525%2C300 1.5x, https:\/\/i0.wp.com\/ecurie-francorchamps.be\/wp-content\/uploads\/2022\/03\/f2-1.jpg?fit=960%2C960&ssl=1&resize=700%2C400 2x"},"classes":[]},{"id":5540,"url":"https:\/\/ecurie-francorchamps.be\/?product=veste-polaire-ref-blanchimont-s4xl&lang=en","url_meta":{"origin":5438,"position":1},"title":"Fleece jacket ref. BLANCHIMONT (S=&gt;4XL)","author":"damien","date":"samedi, 26 mars 2022","format":false,"excerpt":"Quilted jacket 100% waterproof Fleece lined interior Velvet elbow pad and inside collar 4 outside pockets 2 inside pockets - Color: Navy - Gender: Male - Patttern: Ecurie Francorchamps - Size: S--4XL","rel":"","context":"Article similaire","block_context":{"text":"Article similaire","link":""},"img":{"alt_text":"","src":"","width":0,"height":0},"classes":[]},{"id":5563,"url":"https:\/\/ecurie-francorchamps.be\/?product=veste-doudoune-a-capuche-eau-rouge&lang=en","url_meta":{"origin":5438,"position":2},"title":"Hooded puffer jacket ref. RED WATER (S=&gt;4XL)","author":"damien","date":"samedi, 26 mars 2022","format":false,"excerpt":"Quilted jacket 100% waterproof Fleece lined interior Velvet elbow pad and inside collar 4 outside pockets 2 inside pockets - Color: Navy - Gender: Male - Patttern: Ecurie Francorchamps - Size: S->4XL","rel":"","context":"Article similaire","block_context":{"text":"Article similaire","link":""},"img":{"alt_text":"","src":"","width":0,"height":0},"classes":[]},{"id":7130,"url":"https:\/\/ecurie-francorchamps.be\/?product=t-shirt-first-line-navy","url_meta":{"origin":5438,"position":3},"title":"T-shirt FIRST LINE navy","author":"arnaud","date":"vendredi, 7 novembre 2025","format":false,"excerpt":"Mod\u00e8le : FIRST LINE navy T-shirt manches courtes col rond 100% coton De la taille S \u00e0 3XL Livraison gratuite en Belgique \u00e0 partir de 50 \u20ac d'achat (sinon 5,70\u20ac).","rel":"","context":"Article similaire","block_context":{"text":"Article similaire","link":""},"img":{"alt_text":"","src":"https:\/\/i0.wp.com\/ecurie-francorchamps.be\/wp-content\/uploads\/2025\/11\/t-shirt-FIRST-LINE-navy-02-scaled.jpg?fit=1091%2C1200&ssl=1&resize=350%2C200","width":350,"height":200,"srcset":"https:\/\/i0.wp.com\/ecurie-francorchamps.be\/wp-content\/uploads\/2025\/11\/t-shirt-FIRST-LINE-navy-02-scaled.jpg?fit=1091%2C1200&ssl=1&resize=350%2C200 1x, https:\/\/i0.wp.com\/ecurie-francorchamps.be\/wp-content\/uploads\/2025\/11\/t-shirt-FIRST-LINE-navy-02-scaled.jpg?fit=1091%2C1200&ssl=1&resize=525%2C300 1.5x, https:\/\/i0.wp.com\/ecurie-francorchamps.be\/wp-content\/uploads\/2025\/11\/t-shirt-FIRST-LINE-navy-02-scaled.jpg?fit=1091%2C1200&ssl=1&resize=700%2C400 2x, https:\/\/i0.wp.com\/ecurie-francorchamps.be\/wp-content\/uploads\/2025\/11\/t-shirt-FIRST-LINE-navy-02-scaled.jpg?fit=1091%2C1200&ssl=1&resize=1050%2C600 3x"},"classes":[]},{"id":6901,"url":"https:\/\/ecurie-francorchamps.be\/?product=t-shirt-racing-pig-navy","url_meta":{"origin":5438,"position":4},"title":"T-shirt RACING PIG navy","author":"arnaud","date":"mardi, 1 juillet 2025","format":false,"excerpt":"Mod\u00e8le : RACING PIG navy T-shirt manches courtes col rond 100% coton De la taille S \u00e0 3XL Livraison gratuite en Belgique \u00e0 partir de 50 \u20ac d'achat (sinon 5,70\u20ac).","rel":"","context":"Article similaire","block_context":{"text":"Article similaire","link":""},"img":{"alt_text":"","src":"https:\/\/i0.wp.com\/ecurie-francorchamps.be\/wp-content\/uploads\/2025\/07\/TS-RACING-PIG-navy-face-scaled.jpg?fit=1118%2C1200&ssl=1&resize=350%2C200","width":350,"height":200,"srcset":"https:\/\/i0.wp.com\/ecurie-francorchamps.be\/wp-content\/uploads\/2025\/07\/TS-RACING-PIG-navy-face-scaled.jpg?fit=1118%2C1200&ssl=1&resize=350%2C200 1x, https:\/\/i0.wp.com\/ecurie-francorchamps.be\/wp-content\/uploads\/2025\/07\/TS-RACING-PIG-navy-face-scaled.jpg?fit=1118%2C1200&ssl=1&resize=525%2C300 1.5x, https:\/\/i0.wp.com\/ecurie-francorchamps.be\/wp-content\/uploads\/2025\/07\/TS-RACING-PIG-navy-face-scaled.jpg?fit=1118%2C1200&ssl=1&resize=700%2C400 2x, https:\/\/i0.wp.com\/ecurie-francorchamps.be\/wp-content\/uploads\/2025\/07\/TS-RACING-PIG-navy-face-scaled.jpg?fit=1118%2C1200&ssl=1&resize=1050%2C600 3x"},"classes":[]},{"id":7024,"url":"https:\/\/ecurie-francorchamps.be\/?product=polo-racing-pig-navy","url_meta":{"origin":5438,"position":5},"title":"Polo RACING PIG navy","author":"arnaud","date":"mardi, 1 juillet 2025","format":false,"excerpt":"Mod\u00e8le : RACING PIG navy Polo manches courtes 100% coton 3 boutons + 1 bouton de r\u00e9serve Fentes dans le bas De la taille S \u00e0 3XL Livraison gratuite en Belgique \u00e0 partir de 50 \u20ac d'achat (sinon 5,70\u20ac). \u00a0","rel":"","context":"Article similaire","block_context":{"text":"Article similaire","link":""},"img":{"alt_text":"","src":"https:\/\/i0.wp.com\/ecurie-francorchamps.be\/wp-content\/uploads\/2025\/07\/Polo-RACING-PIG-navy-face-scaled.jpg?fit=845%2C1200&ssl=1&resize=350%2C200","width":350,"height":200,"srcset":"https:\/\/i0.wp.com\/ecurie-francorchamps.be\/wp-content\/uploads\/2025\/07\/Polo-RACING-PIG-navy-face-scaled.jpg?fit=845%2C1200&ssl=1&resize=350%2C200 1x, https:\/\/i0.wp.com\/ecurie-francorchamps.be\/wp-content\/uploads\/2025\/07\/Polo-RACING-PIG-navy-face-scaled.jpg?fit=845%2C1200&ssl=1&resize=525%2C300 1.5x, https:\/\/i0.wp.com\/ecurie-francorchamps.be\/wp-content\/uploads\/2025\/07\/Polo-RACING-PIG-navy-face-scaled.jpg?fit=845%2C1200&ssl=1&resize=700%2C400 2x"},"classes":[]}],"_links":{"self":[{"href":"https:\/\/ecurie-francorchamps.be\/index.php?rest_route=\/wp\/v2\/product\/5438"}],"collection":[{"href":"https:\/\/ecurie-francorchamps.be\/index.php?rest_route=\/wp\/v2\/product"}],"about":[{"href":"https:\/\/ecurie-francorchamps.be\/index.php?rest_route=\/wp\/v2\/types\/product"}],"replies":[{"embeddable":true,"href":"https:\/\/ecurie-francorchamps.be\/index.php?rest_route=%2Fwp%2Fv2%2Fcomments&post=5438"}],"wp:featuredmedia":[{"embeddable":true,"href":"https:\/\/ecurie-francorchamps.be\/index.php?rest_route=\/wp\/v2\/media\/6639"}],"wp:attachment":[{"href":"https:\/\/ecurie-francorchamps.be\/index.php?rest_route=%2Fwp%2Fv2%2Fmedia&parent=5438"}],"wp:term":[{"taxonomy":"product_cat","embeddable":true,"href":"https:\/\/ecurie-francorchamps.be\/index.php?rest_route=%2Fwp%2Fv2%2Fproduct_cat&post=5438"},{"taxonomy":"product_tag","embeddable":true,"href":"https:\/\/ecurie-francorchamps.be\/index.php?rest_route=%2Fwp%2Fv2%2Fproduct_tag&post=5438"}],"curies":[{"name":"wp","href":"https:\/\/api.w.org\/{rel}","templated":true}]}}