{"id":6921,"date":"2025-07-01T10:57:20","date_gmt":"2025-07-01T09:57:20","guid":{"rendered":"https:\/\/ecurie-francorchamps.be\/?post_type=product&#038;p=6921"},"modified":"2025-07-01T10:58:41","modified_gmt":"2025-07-01T09:58:41","slug":"t-shirt-racing-pig-white","status":"publish","type":"product","link":"https:\/\/ecurie-francorchamps.be\/?product=t-shirt-racing-pig-white","title":{"rendered":"T-shirt RACING PIG white"},"content":{"rendered":"<p><strong>Mod\u00e8le : RACING PIG white<\/strong><\/p>\n<p>T-shirt manches courtes col rond<\/p>\n<p>100% coton<\/p>\n<p>De la taille S \u00e0 3XL<\/p>\n<p>Livraison gratuite en Belgique \u00e0 partir de 50 \u20ac d&#8217;achat (sinon 5,70\u20ac).<\/p>\n","protected":false},"excerpt":{"rendered":"<p><strong>Mod\u00e8le : RACING PIG white<\/strong><\/p>\n<p>T-shirt manches courtes col rond<\/p>\n<p>100% coton<\/p>\n<p>De la taille S \u00e0 3XL<\/p>\n<p>Livraison gratuite en Belgique \u00e0 partir de 50 \u20ac d&#8217;achat (sinon 5,70\u20ac).<\/p>\n","protected":false},"featured_media":6847,"comment_status":"closed","ping_status":"closed","template":"","meta":[],"product_cat":[140],"product_tag":[],"jetpack_sharing_enabled":true,"jetpack-related-posts":[{"id":6901,"url":"https:\/\/ecurie-francorchamps.be\/?product=t-shirt-racing-pig-navy","url_meta":{"origin":6921,"position":0},"title":"T-shirt RACING PIG navy","author":"arnaud","date":"mardi, 1 juillet 2025","format":false,"excerpt":"Mod\u00e8le : RACING PIG navy T-shirt manches courtes col rond 100% coton De la taille S \u00e0 3XL Livraison gratuite en Belgique \u00e0 partir de 50 \u20ac d'achat (sinon 5,70\u20ac).","rel":"","context":"Article similaire","block_context":{"text":"Article similaire","link":""},"img":{"alt_text":"","src":"https:\/\/i0.wp.com\/ecurie-francorchamps.be\/wp-content\/uploads\/2025\/07\/TS-RACING-PIG-navy-face-scaled.jpg?fit=1118%2C1200&ssl=1&resize=350%2C200","width":350,"height":200,"srcset":"https:\/\/i0.wp.com\/ecurie-francorchamps.be\/wp-content\/uploads\/2025\/07\/TS-RACING-PIG-navy-face-scaled.jpg?fit=1118%2C1200&ssl=1&resize=350%2C200 1x, https:\/\/i0.wp.com\/ecurie-francorchamps.be\/wp-content\/uploads\/2025\/07\/TS-RACING-PIG-navy-face-scaled.jpg?fit=1118%2C1200&ssl=1&resize=525%2C300 1.5x, https:\/\/i0.wp.com\/ecurie-francorchamps.be\/wp-content\/uploads\/2025\/07\/TS-RACING-PIG-navy-face-scaled.jpg?fit=1118%2C1200&ssl=1&resize=700%2C400 2x, https:\/\/i0.wp.com\/ecurie-francorchamps.be\/wp-content\/uploads\/2025\/07\/TS-RACING-PIG-navy-face-scaled.jpg?fit=1118%2C1200&ssl=1&resize=1050%2C600 3x"},"classes":[]},{"id":7049,"url":"https:\/\/ecurie-francorchamps.be\/?product=polo-racing-pig-white","url_meta":{"origin":6921,"position":1},"title":"Polo RACING PIG white","author":"arnaud","date":"mardi, 1 juillet 2025","format":false,"excerpt":"Mod\u00e8le : RACING PIG white Polo manches courtes 100% coton 3 boutons + 1 bouton de r\u00e9serve Fentes dans le bas De la taille S \u00e0 3XL Livraison gratuite en Belgique \u00e0 partir de 50 \u20ac d'achat (sinon 5,70\u20ac). \u00a0","rel":"","context":"Article similaire","block_context":{"text":"Article similaire","link":""},"img":{"alt_text":"","src":"https:\/\/i0.wp.com\/ecurie-francorchamps.be\/wp-content\/uploads\/2025\/07\/Polo-RACING-PIG-white-face-scaled.jpg?fit=845%2C1200&ssl=1&resize=350%2C200","width":350,"height":200,"srcset":"https:\/\/i0.wp.com\/ecurie-francorchamps.be\/wp-content\/uploads\/2025\/07\/Polo-RACING-PIG-white-face-scaled.jpg?fit=845%2C1200&ssl=1&resize=350%2C200 1x, https:\/\/i0.wp.com\/ecurie-francorchamps.be\/wp-content\/uploads\/2025\/07\/Polo-RACING-PIG-white-face-scaled.jpg?fit=845%2C1200&ssl=1&resize=525%2C300 1.5x, https:\/\/i0.wp.com\/ecurie-francorchamps.be\/wp-content\/uploads\/2025\/07\/Polo-RACING-PIG-white-face-scaled.jpg?fit=845%2C1200&ssl=1&resize=700%2C400 2x"},"classes":[]},{"id":7078,"url":"https:\/\/ecurie-francorchamps.be\/?product=t-shirt-first-line-white","url_meta":{"origin":6921,"position":2},"title":"T-shirt FIRST LINE white","author":"arnaud","date":"vendredi, 7 novembre 2025","format":false,"excerpt":"Mod\u00e8le : FIRST LINE white T-shirt manches courtes col rond 100% coton De la taille S \u00e0 3XL Livraison gratuite en Belgique \u00e0 partir de 50 \u20ac d'achat (sinon 5,70\u20ac).","rel":"","context":"Article similaire","block_context":{"text":"Article similaire","link":""},"img":{"alt_text":"","src":"https:\/\/i0.wp.com\/ecurie-francorchamps.be\/wp-content\/uploads\/2025\/11\/TS-FIRST-LINE-white-scaled.jpg?fit=1118%2C1200&ssl=1&resize=350%2C200","width":350,"height":200,"srcset":"https:\/\/i0.wp.com\/ecurie-francorchamps.be\/wp-content\/uploads\/2025\/11\/TS-FIRST-LINE-white-scaled.jpg?fit=1118%2C1200&ssl=1&resize=350%2C200 1x, https:\/\/i0.wp.com\/ecurie-francorchamps.be\/wp-content\/uploads\/2025\/11\/TS-FIRST-LINE-white-scaled.jpg?fit=1118%2C1200&ssl=1&resize=525%2C300 1.5x, https:\/\/i0.wp.com\/ecurie-francorchamps.be\/wp-content\/uploads\/2025\/11\/TS-FIRST-LINE-white-scaled.jpg?fit=1118%2C1200&ssl=1&resize=700%2C400 2x, https:\/\/i0.wp.com\/ecurie-francorchamps.be\/wp-content\/uploads\/2025\/11\/TS-FIRST-LINE-white-scaled.jpg?fit=1118%2C1200&ssl=1&resize=1050%2C600 3x"},"classes":[]},{"id":7024,"url":"https:\/\/ecurie-francorchamps.be\/?product=polo-racing-pig-navy","url_meta":{"origin":6921,"position":3},"title":"Polo RACING PIG navy","author":"arnaud","date":"mardi, 1 juillet 2025","format":false,"excerpt":"Mod\u00e8le : RACING PIG navy Polo manches courtes 100% coton 3 boutons + 1 bouton de r\u00e9serve Fentes dans le bas De la taille S \u00e0 3XL Livraison gratuite en Belgique \u00e0 partir de 50 \u20ac d'achat (sinon 5,70\u20ac). \u00a0","rel":"","context":"Article similaire","block_context":{"text":"Article similaire","link":""},"img":{"alt_text":"","src":"https:\/\/i0.wp.com\/ecurie-francorchamps.be\/wp-content\/uploads\/2025\/07\/Polo-RACING-PIG-navy-face-scaled.jpg?fit=845%2C1200&ssl=1&resize=350%2C200","width":350,"height":200,"srcset":"https:\/\/i0.wp.com\/ecurie-francorchamps.be\/wp-content\/uploads\/2025\/07\/Polo-RACING-PIG-navy-face-scaled.jpg?fit=845%2C1200&ssl=1&resize=350%2C200 1x, https:\/\/i0.wp.com\/ecurie-francorchamps.be\/wp-content\/uploads\/2025\/07\/Polo-RACING-PIG-navy-face-scaled.jpg?fit=845%2C1200&ssl=1&resize=525%2C300 1.5x, https:\/\/i0.wp.com\/ecurie-francorchamps.be\/wp-content\/uploads\/2025\/07\/Polo-RACING-PIG-navy-face-scaled.jpg?fit=845%2C1200&ssl=1&resize=700%2C400 2x"},"classes":[]},{"id":7104,"url":"https:\/\/ecurie-francorchamps.be\/?product=t-shirt-first-line-black","url_meta":{"origin":6921,"position":4},"title":"T-shirt FIRST LINE black","author":"arnaud","date":"vendredi, 7 novembre 2025","format":false,"excerpt":"Mod\u00e8le : FIRST LINE black T-shirt manches courtes col rond 100% coton De la taille S \u00e0 3XL Livraison gratuite en Belgique \u00e0 partir de 50 \u20ac d'achat (sinon 5,70\u20ac).","rel":"","context":"Article similaire","block_context":{"text":"Article similaire","link":""},"img":{"alt_text":"","src":"https:\/\/i0.wp.com\/ecurie-francorchamps.be\/wp-content\/uploads\/2025\/11\/t-shirt-FIRST-LINE-black-02-scaled.jpg?fit=1131%2C1200&ssl=1&resize=350%2C200","width":350,"height":200,"srcset":"https:\/\/i0.wp.com\/ecurie-francorchamps.be\/wp-content\/uploads\/2025\/11\/t-shirt-FIRST-LINE-black-02-scaled.jpg?fit=1131%2C1200&ssl=1&resize=350%2C200 1x, https:\/\/i0.wp.com\/ecurie-francorchamps.be\/wp-content\/uploads\/2025\/11\/t-shirt-FIRST-LINE-black-02-scaled.jpg?fit=1131%2C1200&ssl=1&resize=525%2C300 1.5x, https:\/\/i0.wp.com\/ecurie-francorchamps.be\/wp-content\/uploads\/2025\/11\/t-shirt-FIRST-LINE-black-02-scaled.jpg?fit=1131%2C1200&ssl=1&resize=700%2C400 2x, https:\/\/i0.wp.com\/ecurie-francorchamps.be\/wp-content\/uploads\/2025\/11\/t-shirt-FIRST-LINE-black-02-scaled.jpg?fit=1131%2C1200&ssl=1&resize=1050%2C600 3x"},"classes":[]},{"id":7130,"url":"https:\/\/ecurie-francorchamps.be\/?product=t-shirt-first-line-navy","url_meta":{"origin":6921,"position":5},"title":"T-shirt FIRST LINE navy","author":"arnaud","date":"vendredi, 7 novembre 2025","format":false,"excerpt":"Mod\u00e8le : FIRST LINE navy T-shirt manches courtes col rond 100% coton De la taille S \u00e0 3XL Livraison gratuite en Belgique \u00e0 partir de 50 \u20ac d'achat (sinon 5,70\u20ac).","rel":"","context":"Article similaire","block_context":{"text":"Article similaire","link":""},"img":{"alt_text":"","src":"https:\/\/i0.wp.com\/ecurie-francorchamps.be\/wp-content\/uploads\/2025\/11\/t-shirt-FIRST-LINE-navy-02-scaled.jpg?fit=1091%2C1200&ssl=1&resize=350%2C200","width":350,"height":200,"srcset":"https:\/\/i0.wp.com\/ecurie-francorchamps.be\/wp-content\/uploads\/2025\/11\/t-shirt-FIRST-LINE-navy-02-scaled.jpg?fit=1091%2C1200&ssl=1&resize=350%2C200 1x, https:\/\/i0.wp.com\/ecurie-francorchamps.be\/wp-content\/uploads\/2025\/11\/t-shirt-FIRST-LINE-navy-02-scaled.jpg?fit=1091%2C1200&ssl=1&resize=525%2C300 1.5x, https:\/\/i0.wp.com\/ecurie-francorchamps.be\/wp-content\/uploads\/2025\/11\/t-shirt-FIRST-LINE-navy-02-scaled.jpg?fit=1091%2C1200&ssl=1&resize=700%2C400 2x, https:\/\/i0.wp.com\/ecurie-francorchamps.be\/wp-content\/uploads\/2025\/11\/t-shirt-FIRST-LINE-navy-02-scaled.jpg?fit=1091%2C1200&ssl=1&resize=1050%2C600 3x"},"classes":[]}],"_links":{"self":[{"href":"https:\/\/ecurie-francorchamps.be\/index.php?rest_route=\/wp\/v2\/product\/6921"}],"collection":[{"href":"https:\/\/ecurie-francorchamps.be\/index.php?rest_route=\/wp\/v2\/product"}],"about":[{"href":"https:\/\/ecurie-francorchamps.be\/index.php?rest_route=\/wp\/v2\/types\/product"}],"replies":[{"embeddable":true,"href":"https:\/\/ecurie-francorchamps.be\/index.php?rest_route=%2Fwp%2Fv2%2Fcomments&post=6921"}],"wp:featuredmedia":[{"embeddable":true,"href":"https:\/\/ecurie-francorchamps.be\/index.php?rest_route=\/wp\/v2\/media\/6847"}],"wp:attachment":[{"href":"https:\/\/ecurie-francorchamps.be\/index.php?rest_route=%2Fwp%2Fv2%2Fmedia&parent=6921"}],"wp:term":[{"taxonomy":"product_cat","embeddable":true,"href":"https:\/\/ecurie-francorchamps.be\/index.php?rest_route=%2Fwp%2Fv2%2Fproduct_cat&post=6921"},{"taxonomy":"product_tag","embeddable":true,"href":"https:\/\/ecurie-francorchamps.be\/index.php?rest_route=%2Fwp%2Fv2%2Fproduct_tag&post=6921"}],"curies":[{"name":"wp","href":"https:\/\/api.w.org\/{rel}","templated":true}]}}